{"id":651,"date":"2021-04-01T08:39:00","date_gmt":"2021-04-01T06:39:00","guid":{"rendered":"https:\/\/demenz-und-du.de\/?page_id=651"},"modified":"2023-06-09T17:12:22","modified_gmt":"2023-06-09T15:12:22","slug":"behalte-die-kontrolle","status":"publish","type":"page","link":"https:\/\/demenz-und-du.de\/demenz-hilfe-fuer-angehoerige\/behalte-die-kontrolle\/","title":{"rendered":"Behalte die Kontrolle!"},"content":{"rendered":"<p style=\"\">Wenn sich das gesamte Leben so dramatisch \u00e4ndert, verf\u00e4llt man schnell in eine Art Panik. Man will alles schaffen und immer die bestm\u00f6gliche Unterst\u00fctzung sein. Dabei ger\u00e4t so einiges durcheinander und man verschenkt Kraft und Energie.<\/p>\n<p style=\"\">Sorge deshalb daf\u00fcr, dass du die Kontrolle beh\u00e4ltst! \u00dcber das, was du tust, \u00fcber das, was noch getan werden muss und vor allem &#8211; \u00fcber dich selbst!<\/p>\n<p style=\"\">Hier findest du eine \u00dcbersicht unserer Artikel zum Thema &#8222;Behalte die Kontrolle!&#8220;. Klicke einfach auf ein Thema, das dich interessiert, um den ganzen Artikel zu \u00f6ffnen.<\/p>\n<p><a href=\"https:\/\/demenz-und-du.de\/sterbeprozess-bei-demenz\/\" dynamic-postlink=\"tcb_post_the_permalink\" data-shortcode-id=\"1174\"><\/a><\/p>\n<h2 style=\"\"><span data-attr-css=\"\" data-attr-link=\"1\" data-attr-rel=\"0\" data-attr-target=\"0\" data-extra_key=\"\" data-option-inline=\"1\" data-shortcode=\"tcb_post_title\" data-shortcode-name=\"Post title\" data-attr-static-link=\"{&quot;className&quot;:&quot;&quot;,&quot;href&quot;:&quot;https:\/\/demenz-und-du.de\/sterbeprozess-bei-demenz\/&quot;,&quot;title&quot;:&quot;Der Sterbeprozess bei Demenz: So bist du gut vorbereitet&quot;,&quot;class&quot;:&quot;&quot;}\"><a href=\"https:\/\/demenz-und-du.de\/sterbeprozess-bei-demenz\/\" title=\"Der Sterbeprozess bei Demenz: So bist du gut vorbereitet\" data-css=\"\">Der Sterbeprozess bei Demenz: So bist du gut vorbereitet<\/a><\/span><\/h2>\n<p><a href=\"https:\/\/demenz-und-du.de\/sterbeprozess-bei-demenz\/\" style=\"font-size: var(--tve-font-size, 14px)  !important;\"><span style=\"\">                    <\/span><span style=\"\"><span style=\"\" data-tcb_hover_state_parent=\"\">Weiterlesen<\/span><\/span><\/a><a href=\"https:\/\/demenz-und-du.de\/demenz-pflege-so-findest-du-innere-kraft-und-ruhe\/\" dynamic-postlink=\"tcb_post_the_permalink\" data-shortcode-id=\"1174\"><\/a><\/p>\n<h2 style=\"\"><span data-attr-css=\"\" data-attr-link=\"1\" data-attr-rel=\"0\" data-attr-target=\"0\" data-extra_key=\"\" data-option-inline=\"1\" data-shortcode=\"tcb_post_title\" data-shortcode-name=\"Post title\" data-attr-static-link=\"{&quot;className&quot;:&quot;&quot;,&quot;href&quot;:&quot;https:\/\/demenz-und-du.de\/sterbeprozess-bei-demenz\/&quot;,&quot;title&quot;:&quot;Der Sterbeprozess bei Demenz: So bist du gut vorbereitet&quot;,&quot;class&quot;:&quot;&quot;}\"><a href=\"https:\/\/demenz-und-du.de\/demenz-pflege-so-findest-du-innere-kraft-und-ruhe\/\" title=\"Demenz Pflege: So findest du innere Kraft und Ruhe\" data-css=\"\">Demenz Pflege: So findest du innere Kraft und Ruhe<\/a><\/span><\/h2>\n<p><a href=\"https:\/\/demenz-und-du.de\/demenz-pflege-so-findest-du-innere-kraft-und-ruhe\/\" style=\"font-size: var(--tve-font-size, 14px)  !important;\"><span style=\"\">                    <\/span><span style=\"\"><span style=\"\" data-tcb_hover_state_parent=\"\">Weiterlesen<\/span><\/span><\/a><a href=\"https:\/\/demenz-und-du.de\/demenz-in-der-aggressiven-phase\/\" dynamic-postlink=\"tcb_post_the_permalink\" data-shortcode-id=\"1174\"><\/a><\/p>\n<h2 style=\"\"><span data-attr-css=\"\" data-attr-link=\"1\" data-attr-rel=\"0\" data-attr-target=\"0\" data-extra_key=\"\" data-option-inline=\"1\" data-shortcode=\"tcb_post_title\" data-shortcode-name=\"Post title\" data-attr-static-link=\"{&quot;className&quot;:&quot;&quot;,&quot;href&quot;:&quot;https:\/\/demenz-und-du.de\/sterbeprozess-bei-demenz\/&quot;,&quot;title&quot;:&quot;Der Sterbeprozess bei Demenz: So bist du gut vorbereitet&quot;,&quot;class&quot;:&quot;&quot;}\"><a href=\"https:\/\/demenz-und-du.de\/demenz-in-der-aggressiven-phase\/\" title=\"Demenz in der aggressiven Phase \u2013 So kontrollierst du deine Gedanken\" data-css=\"\">Demenz in der aggressiven Phase \u2013 So kontrollierst du deine Gedanken<\/a><\/span><\/h2>\n<p><a href=\"https:\/\/demenz-und-du.de\/demenz-in-der-aggressiven-phase\/\" style=\"font-size: var(--tve-font-size, 14px)  !important;\"><span style=\"\">                    <\/span><span style=\"\"><span style=\"\" data-tcb_hover_state_parent=\"\">Weiterlesen<\/span><\/span><\/a><a href=\"https:\/\/demenz-und-du.de\/demenz-angehoerige-sind-ueberfordert-gute-entscheidungen-helfen\/\" dynamic-postlink=\"tcb_post_the_permalink\" data-shortcode-id=\"1174\"><\/a><\/p>\n<h2 style=\"\"><span data-attr-css=\"\" data-attr-link=\"1\" data-attr-rel=\"0\" data-attr-target=\"0\" data-extra_key=\"\" data-option-inline=\"1\" data-shortcode=\"tcb_post_title\" data-shortcode-name=\"Post title\" data-attr-static-link=\"{&quot;className&quot;:&quot;&quot;,&quot;href&quot;:&quot;https:\/\/demenz-und-du.de\/sterbeprozess-bei-demenz\/&quot;,&quot;title&quot;:&quot;Der Sterbeprozess bei Demenz: So bist du gut vorbereitet&quot;,&quot;class&quot;:&quot;&quot;}\"><a href=\"https:\/\/demenz-und-du.de\/demenz-angehoerige-sind-ueberfordert-gute-entscheidungen-helfen\/\" title=\"Demenz Angeh\u00f6rige sind \u00fcberfordert! Gute Entscheidungen helfen!\" data-css=\"\">Demenz Angeh\u00f6rige sind \u00fcberfordert! Gute Entscheidungen helfen!<\/a><\/span><\/h2>\n<p><a href=\"https:\/\/demenz-und-du.de\/demenz-angehoerige-sind-ueberfordert-gute-entscheidungen-helfen\/\" style=\"font-size: var(--tve-font-size, 14px)  !important;\"><span style=\"\">                    <\/span><span style=\"\"><span style=\"\" data-tcb_hover_state_parent=\"\">Weiterlesen<\/span><\/span><\/a><a href=\"https:\/\/demenz-und-du.de\/demenz-pflege-und-betreuung-braucht-viel-kraft-tipps-fuer-besseren-schlaf\/\" dynamic-postlink=\"tcb_post_the_permalink\" data-shortcode-id=\"1174\"><\/a><\/p>\n<h2 style=\"\"><span data-attr-css=\"\" data-attr-link=\"1\" data-attr-rel=\"0\" data-attr-target=\"0\" data-extra_key=\"\" data-option-inline=\"1\" data-shortcode=\"tcb_post_title\" data-shortcode-name=\"Post title\" data-attr-static-link=\"{&quot;className&quot;:&quot;&quot;,&quot;href&quot;:&quot;https:\/\/demenz-und-du.de\/sterbeprozess-bei-demenz\/&quot;,&quot;title&quot;:&quot;Der Sterbeprozess bei Demenz: So bist du gut vorbereitet&quot;,&quot;class&quot;:&quot;&quot;}\"><a href=\"https:\/\/demenz-und-du.de\/demenz-pflege-und-betreuung-braucht-viel-kraft-tipps-fuer-besseren-schlaf\/\" title=\"Demenz Pflege und Betreuung braucht viel Kraft \u2013 Tipps f\u00fcr besseren Schlaf\" data-css=\"\">Demenz Pflege und Betreuung braucht viel Kraft \u2013 Tipps f\u00fcr besseren Schlaf<\/a><\/span><\/h2>\n<p><a href=\"https:\/\/demenz-und-du.de\/demenz-pflege-und-betreuung-braucht-viel-kraft-tipps-fuer-besseren-schlaf\/\" style=\"font-size: var(--tve-font-size, 14px)  !important;\"><span style=\"\">                    <\/span><span style=\"\"><span style=\"\" data-tcb_hover_state_parent=\"\">Weiterlesen<\/span><\/span><\/a><a href=\"https:\/\/demenz-und-du.de\/demenz-verlauf-bei-angehoerigen-10-tipps-fuer-deine-vorbereitung\/\" dynamic-postlink=\"tcb_post_the_permalink\" data-shortcode-id=\"1174\"><\/a><\/p>\n<h2 style=\"\"><span data-attr-css=\"\" data-attr-link=\"1\" data-attr-rel=\"0\" data-attr-target=\"0\" data-extra_key=\"\" data-option-inline=\"1\" data-shortcode=\"tcb_post_title\" data-shortcode-name=\"Post title\" data-attr-static-link=\"{&quot;className&quot;:&quot;&quot;,&quot;href&quot;:&quot;https:\/\/demenz-und-du.de\/sterbeprozess-bei-demenz\/&quot;,&quot;title&quot;:&quot;Der Sterbeprozess bei Demenz: So bist du gut vorbereitet&quot;,&quot;class&quot;:&quot;&quot;}\"><a href=\"https:\/\/demenz-und-du.de\/demenz-verlauf-bei-angehoerigen-10-tipps-fuer-deine-vorbereitung\/\" title=\"Demenz Verlauf bei Angeh\u00f6rigen \u2013 10 Tipps f\u00fcr deine Vorbereitung!\" data-css=\"\">Demenz Verlauf bei Angeh\u00f6rigen \u2013 10 Tipps f\u00fcr deine Vorbereitung!<\/a><\/span><\/h2>\n<p><a href=\"https:\/\/demenz-und-du.de\/demenz-verlauf-bei-angehoerigen-10-tipps-fuer-deine-vorbereitung\/\" style=\"font-size: var(--tve-font-size, 14px)  !important;\"><span style=\"\">                    <\/span><span style=\"\"><span style=\"\" data-tcb_hover_state_parent=\"\">Weiterlesen<\/span><\/span><\/a><a href=\"javascript:void(0)\" style=\"\"><span style=\"\"><span style=\"\">Mehr anzeigen&#8230;<\/span><\/span><\/a><\/p>\n","protected":false},"excerpt":{"rendered":"<p>Wenn sich das gesamte Leben so dramatisch \u00e4ndert, verf\u00e4llt man schnell in eine Art Panik. Man will alles schaffen und immer die bestm\u00f6gliche Unterst\u00fctzung sein. Dabei ger\u00e4t so einiges durcheinander und man verschenkt Kraft und Energie. Sorge deshalb daf\u00fcr, dass du die Kontrolle beh\u00e4ltst! \u00dcber das, was du tust, \u00fcber das, was noch getan werden [&hellip;]<\/p>\n","protected":false},"author":2,"featured_media":0,"parent":0,"menu_order":45,"comment_status":"closed","ping_status":"closed","template":"","meta":{"_monsterinsights_skip_tracking":false,"_monsterinsights_sitenote_active":false,"_monsterinsights_sitenote_note":"","_monsterinsights_sitenote_category":0,"footnotes":""},"class_list":["post-651","page","type-page","status-publish","hentry","post-wrapper","thrv_wrapper"],"yoast_head":"<!-- This site is optimized with the Yoast SEO plugin v27.4 - https:\/\/yoast.com\/product\/yoast-seo-wordpress\/ -->\n<title>Die Betreuung von Demenzkranken ist aufreibend! Behalte die Kontrolle!<\/title>\n<meta name=\"description\" content=\"Wenn du den \u00dcberblick verlierst, wird die Aufgabe der Betreuung unl\u00f6sbar. Du hast es in der Hand, das Beste aus der Situation zu machen\" \/>\n<meta name=\"robots\" content=\"index, follow, max-snippet:-1, max-image-preview:large, max-video-preview:-1\" \/>\n<link rel=\"canonical\" href=\"https:\/\/demenz-und-du.de\/demenz-hilfe-fuer-angehoerige\/behalte-die-kontrolle\/\" \/>\n<meta property=\"og:locale\" content=\"de_DE\" \/>\n<meta property=\"og:type\" content=\"article\" \/>\n<meta property=\"og:title\" content=\"Die Betreuung von Demenzkranken ist aufreibend! Behalte die Kontrolle!\" \/>\n<meta property=\"og:description\" content=\"Wenn du den \u00dcberblick verlierst, wird die Aufgabe der Betreuung unl\u00f6sbar. Du hast es in der Hand, das Beste aus der Situation zu machen\" \/>\n<meta property=\"og:url\" content=\"https:\/\/demenz-und-du.de\/demenz-hilfe-fuer-angehoerige\/behalte-die-kontrolle\/\" \/>\n<meta property=\"og:site_name\" content=\"Demenz Hilfe f\u00fcr Angeh\u00f6rige\" \/>\n<meta property=\"article:publisher\" content=\"https:\/\/www.facebook.com\/profile.php?id=100090981488333\" \/>\n<meta property=\"article:modified_time\" content=\"2023-06-09T15:12:22+00:00\" \/>\n<meta name=\"twitter:card\" content=\"summary_large_image\" \/>\n<meta name=\"twitter:label1\" content=\"Gesch\u00e4tzte Lesezeit\" \/>\n\t<meta name=\"twitter:data1\" content=\"1\u00a0Minute\" \/>\n<script type=\"application\/ld+json\" class=\"yoast-schema-graph\">{\"@context\":\"https:\\\/\\\/schema.org\",\"@graph\":[{\"@type\":\"WebPage\",\"@id\":\"https:\\\/\\\/demenz-und-du.de\\\/demenz-hilfe-fuer-angehoerige\\\/behalte-die-kontrolle\\\/\",\"url\":\"https:\\\/\\\/demenz-und-du.de\\\/demenz-hilfe-fuer-angehoerige\\\/behalte-die-kontrolle\\\/\",\"name\":\"Die Betreuung von Demenzkranken ist aufreibend! Behalte die Kontrolle!\",\"isPartOf\":{\"@id\":\"https:\\\/\\\/demenz-und-du.de\\\/demenz-hilfe-fuer-angehoerige\\\/#website\"},\"datePublished\":\"2021-04-01T06:39:00+00:00\",\"dateModified\":\"2023-06-09T15:12:22+00:00\",\"description\":\"Wenn du den \u00dcberblick verlierst, wird die Aufgabe der Betreuung unl\u00f6sbar. Du hast es in der Hand, das Beste aus der Situation zu machen\",\"breadcrumb\":{\"@id\":\"https:\\\/\\\/demenz-und-du.de\\\/demenz-hilfe-fuer-angehoerige\\\/behalte-die-kontrolle\\\/#breadcrumb\"},\"inLanguage\":\"de\",\"potentialAction\":[{\"@type\":\"ReadAction\",\"target\":[\"https:\\\/\\\/demenz-und-du.de\\\/demenz-hilfe-fuer-angehoerige\\\/behalte-die-kontrolle\\\/\"]}]},{\"@type\":\"BreadcrumbList\",\"@id\":\"https:\\\/\\\/demenz-und-du.de\\\/demenz-hilfe-fuer-angehoerige\\\/behalte-die-kontrolle\\\/#breadcrumb\",\"itemListElement\":[{\"@type\":\"ListItem\",\"position\":1,\"name\":\"Startseite\",\"item\":\"https:\\\/\\\/demenz-und-du.de\\\/demenz-hilfe-fuer-angehoerige\\\/\"},{\"@type\":\"ListItem\",\"position\":2,\"name\":\"Behalte die Kontrolle!\"}]},{\"@type\":\"WebSite\",\"@id\":\"https:\\\/\\\/demenz-und-du.de\\\/demenz-hilfe-fuer-angehoerige\\\/#website\",\"url\":\"https:\\\/\\\/demenz-und-du.de\\\/demenz-hilfe-fuer-angehoerige\\\/\",\"name\":\"Demenz Hilfe f\u00fcr Angeh\u00f6rige\",\"description\":\"Wir helfen Angeh\u00f6rigen dabei mit ihren Demenzkranken klar zu kommen.\",\"publisher\":{\"@id\":\"https:\\\/\\\/demenz-und-du.de\\\/demenz-hilfe-fuer-angehoerige\\\/#organization\"},\"potentialAction\":[{\"@type\":\"SearchAction\",\"target\":{\"@type\":\"EntryPoint\",\"urlTemplate\":\"https:\\\/\\\/demenz-und-du.de\\\/demenz-hilfe-fuer-angehoerige\\\/?s={search_term_string}\"},\"query-input\":{\"@type\":\"PropertyValueSpecification\",\"valueRequired\":true,\"valueName\":\"search_term_string\"}}],\"inLanguage\":\"de\"},{\"@type\":\"Organization\",\"@id\":\"https:\\\/\\\/demenz-und-du.de\\\/demenz-hilfe-fuer-angehoerige\\\/#organization\",\"name\":\"Demenz Hilfe f\u00fcr Angeh\u00f6rige\",\"url\":\"https:\\\/\\\/demenz-und-du.de\\\/demenz-hilfe-fuer-angehoerige\\\/\",\"logo\":{\"@type\":\"ImageObject\",\"inLanguage\":\"de\",\"@id\":\"https:\\\/\\\/demenz-und-du.de\\\/demenz-hilfe-fuer-angehoerige\\\/#\\\/schema\\\/logo\\\/image\\\/\",\"url\":\"https:\\\/\\\/demenz-und-du.de\\\/wp-content\\\/uploads\\\/2022\\\/10\\\/400JpgdpiLogo-scaled.jpg\",\"contentUrl\":\"https:\\\/\\\/demenz-und-du.de\\\/wp-content\\\/uploads\\\/2022\\\/10\\\/400JpgdpiLogo-scaled.jpg\",\"width\":2560,\"height\":1546,\"caption\":\"Demenz Hilfe f\u00fcr Angeh\u00f6rige\"},\"image\":{\"@id\":\"https:\\\/\\\/demenz-und-du.de\\\/demenz-hilfe-fuer-angehoerige\\\/#\\\/schema\\\/logo\\\/image\\\/\"},\"sameAs\":[\"https:\\\/\\\/www.facebook.com\\\/profile.php?id=100090981488333\",\"https:\\\/\\\/www.youtube.com\\\/channel\\\/UCS7nClFtrPq-4eQFfAFzNyw\"]}]}<\/script>\n<!-- \/ Yoast SEO plugin. -->","yoast_head_json":{"title":"Die Betreuung von Demenzkranken ist aufreibend! Behalte die Kontrolle!","description":"Wenn du den \u00dcberblick verlierst, wird die Aufgabe der Betreuung unl\u00f6sbar. Du hast es in der Hand, das Beste aus der Situation zu machen","robots":{"index":"index","follow":"follow","max-snippet":"max-snippet:-1","max-image-preview":"max-image-preview:large","max-video-preview":"max-video-preview:-1"},"canonical":"https:\/\/demenz-und-du.de\/demenz-hilfe-fuer-angehoerige\/behalte-die-kontrolle\/","og_locale":"de_DE","og_type":"article","og_title":"Die Betreuung von Demenzkranken ist aufreibend! Behalte die Kontrolle!","og_description":"Wenn du den \u00dcberblick verlierst, wird die Aufgabe der Betreuung unl\u00f6sbar. Du hast es in der Hand, das Beste aus der Situation zu machen","og_url":"https:\/\/demenz-und-du.de\/demenz-hilfe-fuer-angehoerige\/behalte-die-kontrolle\/","og_site_name":"Demenz Hilfe f\u00fcr Angeh\u00f6rige","article_publisher":"https:\/\/www.facebook.com\/profile.php?id=100090981488333","article_modified_time":"2023-06-09T15:12:22+00:00","twitter_card":"summary_large_image","twitter_misc":{"Gesch\u00e4tzte Lesezeit":"1\u00a0Minute"},"schema":{"@context":"https:\/\/schema.org","@graph":[{"@type":"WebPage","@id":"https:\/\/demenz-und-du.de\/demenz-hilfe-fuer-angehoerige\/behalte-die-kontrolle\/","url":"https:\/\/demenz-und-du.de\/demenz-hilfe-fuer-angehoerige\/behalte-die-kontrolle\/","name":"Die Betreuung von Demenzkranken ist aufreibend! Behalte die Kontrolle!","isPartOf":{"@id":"https:\/\/demenz-und-du.de\/demenz-hilfe-fuer-angehoerige\/#website"},"datePublished":"2021-04-01T06:39:00+00:00","dateModified":"2023-06-09T15:12:22+00:00","description":"Wenn du den \u00dcberblick verlierst, wird die Aufgabe der Betreuung unl\u00f6sbar. Du hast es in der Hand, das Beste aus der Situation zu machen","breadcrumb":{"@id":"https:\/\/demenz-und-du.de\/demenz-hilfe-fuer-angehoerige\/behalte-die-kontrolle\/#breadcrumb"},"inLanguage":"de","potentialAction":[{"@type":"ReadAction","target":["https:\/\/demenz-und-du.de\/demenz-hilfe-fuer-angehoerige\/behalte-die-kontrolle\/"]}]},{"@type":"BreadcrumbList","@id":"https:\/\/demenz-und-du.de\/demenz-hilfe-fuer-angehoerige\/behalte-die-kontrolle\/#breadcrumb","itemListElement":[{"@type":"ListItem","position":1,"name":"Startseite","item":"https:\/\/demenz-und-du.de\/demenz-hilfe-fuer-angehoerige\/"},{"@type":"ListItem","position":2,"name":"Behalte die Kontrolle!"}]},{"@type":"WebSite","@id":"https:\/\/demenz-und-du.de\/demenz-hilfe-fuer-angehoerige\/#website","url":"https:\/\/demenz-und-du.de\/demenz-hilfe-fuer-angehoerige\/","name":"Demenz Hilfe f\u00fcr Angeh\u00f6rige","description":"Wir helfen Angeh\u00f6rigen dabei mit ihren Demenzkranken klar zu kommen.","publisher":{"@id":"https:\/\/demenz-und-du.de\/demenz-hilfe-fuer-angehoerige\/#organization"},"potentialAction":[{"@type":"SearchAction","target":{"@type":"EntryPoint","urlTemplate":"https:\/\/demenz-und-du.de\/demenz-hilfe-fuer-angehoerige\/?s={search_term_string}"},"query-input":{"@type":"PropertyValueSpecification","valueRequired":true,"valueName":"search_term_string"}}],"inLanguage":"de"},{"@type":"Organization","@id":"https:\/\/demenz-und-du.de\/demenz-hilfe-fuer-angehoerige\/#organization","name":"Demenz Hilfe f\u00fcr Angeh\u00f6rige","url":"https:\/\/demenz-und-du.de\/demenz-hilfe-fuer-angehoerige\/","logo":{"@type":"ImageObject","inLanguage":"de","@id":"https:\/\/demenz-und-du.de\/demenz-hilfe-fuer-angehoerige\/#\/schema\/logo\/image\/","url":"https:\/\/demenz-und-du.de\/wp-content\/uploads\/2022\/10\/400JpgdpiLogo-scaled.jpg","contentUrl":"https:\/\/demenz-und-du.de\/wp-content\/uploads\/2022\/10\/400JpgdpiLogo-scaled.jpg","width":2560,"height":1546,"caption":"Demenz Hilfe f\u00fcr Angeh\u00f6rige"},"image":{"@id":"https:\/\/demenz-und-du.de\/demenz-hilfe-fuer-angehoerige\/#\/schema\/logo\/image\/"},"sameAs":["https:\/\/www.facebook.com\/profile.php?id=100090981488333","https:\/\/www.youtube.com\/channel\/UCS7nClFtrPq-4eQFfAFzNyw"]}]}},"_links":{"self":[{"href":"https:\/\/demenz-und-du.de\/demenz-hilfe-fuer-angehoerige\/wp-json\/wp\/v2\/pages\/651","targetHints":{"allow":["GET"]}}],"collection":[{"href":"https:\/\/demenz-und-du.de\/demenz-hilfe-fuer-angehoerige\/wp-json\/wp\/v2\/pages"}],"about":[{"href":"https:\/\/demenz-und-du.de\/demenz-hilfe-fuer-angehoerige\/wp-json\/wp\/v2\/types\/page"}],"author":[{"embeddable":true,"href":"https:\/\/demenz-und-du.de\/demenz-hilfe-fuer-angehoerige\/wp-json\/wp\/v2\/users\/2"}],"replies":[{"embeddable":true,"href":"https:\/\/demenz-und-du.de\/demenz-hilfe-fuer-angehoerige\/wp-json\/wp\/v2\/comments?post=651"}],"version-history":[{"count":6,"href":"https:\/\/demenz-und-du.de\/demenz-hilfe-fuer-angehoerige\/wp-json\/wp\/v2\/pages\/651\/revisions"}],"predecessor-version":[{"id":2826,"href":"https:\/\/demenz-und-du.de\/demenz-hilfe-fuer-angehoerige\/wp-json\/wp\/v2\/pages\/651\/revisions\/2826"}],"wp:attachment":[{"href":"https:\/\/demenz-und-du.de\/demenz-hilfe-fuer-angehoerige\/wp-json\/wp\/v2\/media?parent=651"}],"curies":[{"name":"wp","href":"https:\/\/api.w.org\/{rel}","templated":true}]}}