{"id":3213,"date":"2025-12-29T13:58:00","date_gmt":"2025-12-29T12:58:00","guid":{"rendered":"https:\/\/demenz-und-du.de\/demenz-hilfe-fuer-angehoerige\/?page_id=3213"},"modified":"2025-12-29T13:58:01","modified_gmt":"2025-12-29T12:58:01","slug":"so-holst-du-das-meiste-aus-deinem-kurs","status":"publish","type":"page","link":"https:\/\/demenz-und-du.de\/demenz-hilfe-fuer-angehoerige\/so-holst-du-das-meiste-aus-deinem-kurs\/","title":{"rendered":"So holst du das meiste aus deinem Kurs"},"content":{"rendered":"","protected":false},"excerpt":{"rendered":"","protected":false},"author":2,"featured_media":0,"parent":0,"menu_order":0,"comment_status":"closed","ping_status":"closed","template":"","meta":{"_monsterinsights_skip_tracking":false,"_monsterinsights_sitenote_active":false,"_monsterinsights_sitenote_note":"","_monsterinsights_sitenote_category":0,"footnotes":""},"class_list":["post-3213","page","type-page","status-publish","hentry","post-wrapper","thrv_wrapper"],"yoast_head":"<!-- This site is optimized with the Yoast SEO plugin v27.3 - https:\/\/yoast.com\/product\/yoast-seo-wordpress\/ -->\n<title>So holst du das meiste aus deinem Kurs - Demenz Hilfe f\u00fcr Angeh\u00f6rige<\/title>\n<meta name=\"robots\" content=\"index, follow, max-snippet:-1, max-image-preview:large, max-video-preview:-1\" \/>\n<link rel=\"canonical\" href=\"https:\/\/demenz-und-du.de\/demenz-hilfe-fuer-angehoerige\/so-holst-du-das-meiste-aus-deinem-kurs\/\" \/>\n<meta property=\"og:locale\" content=\"de_DE\" \/>\n<meta property=\"og:type\" content=\"article\" \/>\n<meta property=\"og:title\" content=\"So holst du das meiste aus deinem Kurs - Demenz Hilfe f\u00fcr Angeh\u00f6rige\" \/>\n<meta property=\"og:url\" content=\"https:\/\/demenz-und-du.de\/demenz-hilfe-fuer-angehoerige\/so-holst-du-das-meiste-aus-deinem-kurs\/\" \/>\n<meta property=\"og:site_name\" content=\"Demenz Hilfe f\u00fcr Angeh\u00f6rige\" \/>\n<meta property=\"article:publisher\" content=\"https:\/\/www.facebook.com\/profile.php?id=100090981488333\" \/>\n<meta property=\"article:modified_time\" content=\"2025-12-29T12:58:01+00:00\" \/>\n<meta name=\"twitter:card\" content=\"summary_large_image\" \/>\n<script type=\"application\/ld+json\" class=\"yoast-schema-graph\">{\"@context\":\"https:\\\/\\\/schema.org\",\"@graph\":[{\"@type\":\"WebPage\",\"@id\":\"https:\\\/\\\/demenz-und-du.de\\\/demenz-hilfe-fuer-angehoerige\\\/so-holst-du-das-meiste-aus-deinem-kurs\\\/\",\"url\":\"https:\\\/\\\/demenz-und-du.de\\\/demenz-hilfe-fuer-angehoerige\\\/so-holst-du-das-meiste-aus-deinem-kurs\\\/\",\"name\":\"So holst du das meiste aus deinem Kurs - Demenz Hilfe f\u00fcr Angeh\u00f6rige\",\"isPartOf\":{\"@id\":\"https:\\\/\\\/demenz-und-du.de\\\/demenz-hilfe-fuer-angehoerige\\\/#website\"},\"datePublished\":\"2025-12-29T12:58:00+00:00\",\"dateModified\":\"2025-12-29T12:58:01+00:00\",\"breadcrumb\":{\"@id\":\"https:\\\/\\\/demenz-und-du.de\\\/demenz-hilfe-fuer-angehoerige\\\/so-holst-du-das-meiste-aus-deinem-kurs\\\/#breadcrumb\"},\"inLanguage\":\"de\",\"potentialAction\":[{\"@type\":\"ReadAction\",\"target\":[\"https:\\\/\\\/demenz-und-du.de\\\/demenz-hilfe-fuer-angehoerige\\\/so-holst-du-das-meiste-aus-deinem-kurs\\\/\"]}]},{\"@type\":\"BreadcrumbList\",\"@id\":\"https:\\\/\\\/demenz-und-du.de\\\/demenz-hilfe-fuer-angehoerige\\\/so-holst-du-das-meiste-aus-deinem-kurs\\\/#breadcrumb\",\"itemListElement\":[{\"@type\":\"ListItem\",\"position\":1,\"name\":\"Startseite\",\"item\":\"https:\\\/\\\/demenz-und-du.de\\\/demenz-hilfe-fuer-angehoerige\\\/\"},{\"@type\":\"ListItem\",\"position\":2,\"name\":\"So holst du das meiste aus deinem Kurs\"}]},{\"@type\":\"WebSite\",\"@id\":\"https:\\\/\\\/demenz-und-du.de\\\/demenz-hilfe-fuer-angehoerige\\\/#website\",\"url\":\"https:\\\/\\\/demenz-und-du.de\\\/demenz-hilfe-fuer-angehoerige\\\/\",\"name\":\"Demenz Hilfe f\u00fcr Angeh\u00f6rige\",\"description\":\"Wir helfen Angeh\u00f6rigen dabei mit ihren Demenzkranken klar zu kommen.\",\"publisher\":{\"@id\":\"https:\\\/\\\/demenz-und-du.de\\\/demenz-hilfe-fuer-angehoerige\\\/#organization\"},\"potentialAction\":[{\"@type\":\"SearchAction\",\"target\":{\"@type\":\"EntryPoint\",\"urlTemplate\":\"https:\\\/\\\/demenz-und-du.de\\\/demenz-hilfe-fuer-angehoerige\\\/?s={search_term_string}\"},\"query-input\":{\"@type\":\"PropertyValueSpecification\",\"valueRequired\":true,\"valueName\":\"search_term_string\"}}],\"inLanguage\":\"de\"},{\"@type\":\"Organization\",\"@id\":\"https:\\\/\\\/demenz-und-du.de\\\/demenz-hilfe-fuer-angehoerige\\\/#organization\",\"name\":\"Demenz Hilfe f\u00fcr Angeh\u00f6rige\",\"url\":\"https:\\\/\\\/demenz-und-du.de\\\/demenz-hilfe-fuer-angehoerige\\\/\",\"logo\":{\"@type\":\"ImageObject\",\"inLanguage\":\"de\",\"@id\":\"https:\\\/\\\/demenz-und-du.de\\\/demenz-hilfe-fuer-angehoerige\\\/#\\\/schema\\\/logo\\\/image\\\/\",\"url\":\"https:\\\/\\\/demenz-und-du.de\\\/wp-content\\\/uploads\\\/2022\\\/10\\\/400JpgdpiLogo-scaled.jpg\",\"contentUrl\":\"https:\\\/\\\/demenz-und-du.de\\\/wp-content\\\/uploads\\\/2022\\\/10\\\/400JpgdpiLogo-scaled.jpg\",\"width\":2560,\"height\":1546,\"caption\":\"Demenz Hilfe f\u00fcr Angeh\u00f6rige\"},\"image\":{\"@id\":\"https:\\\/\\\/demenz-und-du.de\\\/demenz-hilfe-fuer-angehoerige\\\/#\\\/schema\\\/logo\\\/image\\\/\"},\"sameAs\":[\"https:\\\/\\\/www.facebook.com\\\/profile.php?id=100090981488333\",\"https:\\\/\\\/www.youtube.com\\\/channel\\\/UCS7nClFtrPq-4eQFfAFzNyw\"]}]}<\/script>\n<!-- \/ Yoast SEO plugin. -->","yoast_head_json":{"title":"So holst du das meiste aus deinem Kurs - Demenz Hilfe f\u00fcr Angeh\u00f6rige","robots":{"index":"index","follow":"follow","max-snippet":"max-snippet:-1","max-image-preview":"max-image-preview:large","max-video-preview":"max-video-preview:-1"},"canonical":"https:\/\/demenz-und-du.de\/demenz-hilfe-fuer-angehoerige\/so-holst-du-das-meiste-aus-deinem-kurs\/","og_locale":"de_DE","og_type":"article","og_title":"So holst du das meiste aus deinem Kurs - Demenz Hilfe f\u00fcr Angeh\u00f6rige","og_url":"https:\/\/demenz-und-du.de\/demenz-hilfe-fuer-angehoerige\/so-holst-du-das-meiste-aus-deinem-kurs\/","og_site_name":"Demenz Hilfe f\u00fcr Angeh\u00f6rige","article_publisher":"https:\/\/www.facebook.com\/profile.php?id=100090981488333","article_modified_time":"2025-12-29T12:58:01+00:00","twitter_card":"summary_large_image","schema":{"@context":"https:\/\/schema.org","@graph":[{"@type":"WebPage","@id":"https:\/\/demenz-und-du.de\/demenz-hilfe-fuer-angehoerige\/so-holst-du-das-meiste-aus-deinem-kurs\/","url":"https:\/\/demenz-und-du.de\/demenz-hilfe-fuer-angehoerige\/so-holst-du-das-meiste-aus-deinem-kurs\/","name":"So holst du das meiste aus deinem Kurs - Demenz Hilfe f\u00fcr Angeh\u00f6rige","isPartOf":{"@id":"https:\/\/demenz-und-du.de\/demenz-hilfe-fuer-angehoerige\/#website"},"datePublished":"2025-12-29T12:58:00+00:00","dateModified":"2025-12-29T12:58:01+00:00","breadcrumb":{"@id":"https:\/\/demenz-und-du.de\/demenz-hilfe-fuer-angehoerige\/so-holst-du-das-meiste-aus-deinem-kurs\/#breadcrumb"},"inLanguage":"de","potentialAction":[{"@type":"ReadAction","target":["https:\/\/demenz-und-du.de\/demenz-hilfe-fuer-angehoerige\/so-holst-du-das-meiste-aus-deinem-kurs\/"]}]},{"@type":"BreadcrumbList","@id":"https:\/\/demenz-und-du.de\/demenz-hilfe-fuer-angehoerige\/so-holst-du-das-meiste-aus-deinem-kurs\/#breadcrumb","itemListElement":[{"@type":"ListItem","position":1,"name":"Startseite","item":"https:\/\/demenz-und-du.de\/demenz-hilfe-fuer-angehoerige\/"},{"@type":"ListItem","position":2,"name":"So holst du das meiste aus deinem Kurs"}]},{"@type":"WebSite","@id":"https:\/\/demenz-und-du.de\/demenz-hilfe-fuer-angehoerige\/#website","url":"https:\/\/demenz-und-du.de\/demenz-hilfe-fuer-angehoerige\/","name":"Demenz Hilfe f\u00fcr Angeh\u00f6rige","description":"Wir helfen Angeh\u00f6rigen dabei mit ihren Demenzkranken klar zu kommen.","publisher":{"@id":"https:\/\/demenz-und-du.de\/demenz-hilfe-fuer-angehoerige\/#organization"},"potentialAction":[{"@type":"SearchAction","target":{"@type":"EntryPoint","urlTemplate":"https:\/\/demenz-und-du.de\/demenz-hilfe-fuer-angehoerige\/?s={search_term_string}"},"query-input":{"@type":"PropertyValueSpecification","valueRequired":true,"valueName":"search_term_string"}}],"inLanguage":"de"},{"@type":"Organization","@id":"https:\/\/demenz-und-du.de\/demenz-hilfe-fuer-angehoerige\/#organization","name":"Demenz Hilfe f\u00fcr Angeh\u00f6rige","url":"https:\/\/demenz-und-du.de\/demenz-hilfe-fuer-angehoerige\/","logo":{"@type":"ImageObject","inLanguage":"de","@id":"https:\/\/demenz-und-du.de\/demenz-hilfe-fuer-angehoerige\/#\/schema\/logo\/image\/","url":"https:\/\/demenz-und-du.de\/wp-content\/uploads\/2022\/10\/400JpgdpiLogo-scaled.jpg","contentUrl":"https:\/\/demenz-und-du.de\/wp-content\/uploads\/2022\/10\/400JpgdpiLogo-scaled.jpg","width":2560,"height":1546,"caption":"Demenz Hilfe f\u00fcr Angeh\u00f6rige"},"image":{"@id":"https:\/\/demenz-und-du.de\/demenz-hilfe-fuer-angehoerige\/#\/schema\/logo\/image\/"},"sameAs":["https:\/\/www.facebook.com\/profile.php?id=100090981488333","https:\/\/www.youtube.com\/channel\/UCS7nClFtrPq-4eQFfAFzNyw"]}]}},"_links":{"self":[{"href":"https:\/\/demenz-und-du.de\/demenz-hilfe-fuer-angehoerige\/wp-json\/wp\/v2\/pages\/3213","targetHints":{"allow":["GET"]}}],"collection":[{"href":"https:\/\/demenz-und-du.de\/demenz-hilfe-fuer-angehoerige\/wp-json\/wp\/v2\/pages"}],"about":[{"href":"https:\/\/demenz-und-du.de\/demenz-hilfe-fuer-angehoerige\/wp-json\/wp\/v2\/types\/page"}],"author":[{"embeddable":true,"href":"https:\/\/demenz-und-du.de\/demenz-hilfe-fuer-angehoerige\/wp-json\/wp\/v2\/users\/2"}],"replies":[{"embeddable":true,"href":"https:\/\/demenz-und-du.de\/demenz-hilfe-fuer-angehoerige\/wp-json\/wp\/v2\/comments?post=3213"}],"version-history":[{"count":3,"href":"https:\/\/demenz-und-du.de\/demenz-hilfe-fuer-angehoerige\/wp-json\/wp\/v2\/pages\/3213\/revisions"}],"predecessor-version":[{"id":3242,"href":"https:\/\/demenz-und-du.de\/demenz-hilfe-fuer-angehoerige\/wp-json\/wp\/v2\/pages\/3213\/revisions\/3242"}],"wp:attachment":[{"href":"https:\/\/demenz-und-du.de\/demenz-hilfe-fuer-angehoerige\/wp-json\/wp\/v2\/media?parent=3213"}],"curies":[{"name":"wp","href":"https:\/\/api.w.org\/{rel}","templated":true}]}}