{"id":2491,"date":"2023-03-17T14:36:38","date_gmt":"2023-03-17T13:36:38","guid":{"rendered":"https:\/\/demenz-und-du.de\/?page_id=2491"},"modified":"2025-02-05T14:34:58","modified_gmt":"2025-02-05T13:34:58","slug":"e-book-33-ideen-fuer-gemeinsame-stunden","status":"publish","type":"page","link":"https:\/\/demenz-und-du.de\/demenz-hilfe-fuer-angehoerige\/e-book-33-ideen-fuer-gemeinsame-stunden\/","title":{"rendered":"E-Book: 33 Ideen f\u00fcr gemeinsame Stunden"},"content":{"rendered":"<p><span><a href=\"https:\/\/demenz-und-du.de\/\"><img decoding=\"async\" alt=\"\" data-init-width=\"348\" data-init-height=\"105\" loading=\"lazy\" src=\"https:\/\/mlqhhfhohjcn.i.optimole.com\/ctZVTIY-cU7Qqe6M\/w:auto\/h:auto\/q:auto\/https:\/\/demenz-und-du.de\/wp-content\/uploads\/2021\/01\/demenz-und-du-logo.png\" data-width=\"189\" data-height=\"57\" style=\"aspect-ratio: auto 348 \/ 105;\" data-link-wrap=\"true\" width=\"189\" height=\"57\"><\/a><\/span><\/p>\n<p style=\"text-align: center; color: var(--tcb-color-1)  !important; --tcb-applied-color: var$(--tcb-color-1)  !important;\"><strong>Leben mit Demenz:<\/strong><\/p>\n<p style=\"text-align: center; color: var(--tcb-color-1)  !important; --tcb-applied-color: var$(--tcb-color-1)  !important;\">33 leicht umsetzbare Ideen f\u00fcr erf\u00fcllende gemeinsame Stunden<\/p>\n<p style=\"text-align: center;\">Hol&#8216; dir deinen Ratgeber f\u00fcr eine aktive und liebevolle Zeit mit deinem Angeh\u00f6rigen!<\/p>\n<p><span><img decoding=\"async\" alt=\"\" data-init-width=\"190\" data-init-height=\"290\" loading=\"lazy\" src=\"https:\/\/demenz-und-du.de\/wp-content\/uploads\/2021\/07\/Titel_10.07._neu-e1627483670776.jpg\" data-width=\"198\" data-height=\"302\" style=\"aspect-ratio: auto 190 \/ 290;\" width=\"198\" height=\"302\" data-id=\"999\" title=\"\"><\/span><\/p>\n<p><strong>Dieses kostenlose E-Book hilft dir, die wertvolle Zeit mit der geliebten Person erf\u00fcllender zu machen!<\/strong><\/p>\n<ul>\n<li><span style=\"\">Nutze die wertvolle Zeit und sei ein <strong>positiver Begleiter<\/strong>!<\/span><\/li>\n<li><span style=\"\">Zeige dem Erkrankten neue M\u00f6glichkeiten, keine Zeit mehr f\u00fcr <strong>Vorw\u00fcrfe und Aggressionen<\/strong>!<\/span><\/li>\n<li><span style=\"\">Vertiefe euer Verh\u00e4ltnis und erschaffe <strong>gemeinsame Gl\u00fccksmomente<\/strong>!<\/span><\/li>\n<\/ul>\n<p style=\"\">Hier kannst du dir dein E-Book runterladen: einfach anklicken!<\/p>\n<p style=\"\"><strong>Kommt dir das irgendwie bekannt vor&#8230;<\/strong><\/p>\n<ul>\n<li><span style=\"\">Du wei\u00dft nicht, wie du die <strong>gemeinsame Zeit<\/strong> im Pflegeheim (oder zuhause) verbringen kannst?<\/span><\/li>\n<li><span style=\"\">Du hast keine Ideen f\u00fcr nette <strong>gemeinsame Unternehmungen<\/strong>?<\/span><\/li>\n<li><span style=\"\">Du sp\u00fcrst, dass der <strong>Erkrankte dich braucht<\/strong>, aber du wei\u00dft nicht, was du geben kannst?<\/span><\/li>\n<li><span>Du reagierst gereizt auf <strong>Vorw\u00fcrfe und Anschuldigungen<\/strong>?<\/span><\/li>\n<li><span>Du glaubst, du kannst <strong>keine gro\u00dfe Hilfe<\/strong> sein?<\/span><\/li>\n<li><span>Du f\u00fchlst dich <strong>ohnm\u00e4chtig<\/strong>, mit der Krankheit klarzukommen?<\/span><\/li>\n<li><span>Du f\u00fchlst dich hilflos und glaubst nicht, dass dein Wirken <strong>positiven Einfluss<\/strong> hat?<\/span><\/li>\n<\/ul>\n<p><strong>Wenn auch nur eine dieser Situationen auf Dich zutrifft, dann wird dir unser E-Book helfen.<\/strong><\/p>\n<p style=\"\">G\u00f6nne dir das E-Book mit vielen hilfreichen Ideen!<\/p>\n<p>Wir, Jolanta und Michael, kennen das Gef\u00fchl ganz genau, sowohl aus eigener Erfahrung als auch berufsbedingt.Uns ist es eine Herzensangelegenheit, unsere Erfahrungen weiterzugeben und die Unsicherheit bei den vielen verzweifelten Angeh\u00f6rigen zu beenden.Aus den hunderten Gespr\u00e4chen mit Angeh\u00f6rigen demenzkranker Menschen, haben wir bestimmte Muster erkannt, die einerseits sehr belastend f\u00fcr den einzelnen sind, andererseits aber durch gezielte Ma\u00dfnahmen auch aufgel\u00f6st werden k\u00f6nnen.Das E-Book wird dir eine erste kleine Hilfe dabei sein.Wir freuen uns darauf, von dir zu h\u00f6ren! Ein pers\u00f6nlicher Austausch hilft in dieser Phase ganz besonders!<\/p>\n","protected":false},"excerpt":{"rendered":"<p>Leben mit Demenz: 33 leicht umsetzbare Ideen f\u00fcr erf\u00fcllende gemeinsame Stunden Hol&#8216; dir deinen Ratgeber f\u00fcr eine aktive und liebevolle Zeit mit deinem Angeh\u00f6rigen! Dieses kostenlose E-Book hilft dir, die wertvolle Zeit mit der geliebten Person erf\u00fcllender zu machen! Nutze die wertvolle Zeit und sei ein positiver Begleiter! Zeige dem Erkrankten neue M\u00f6glichkeiten, keine Zeit [&hellip;]<\/p>\n","protected":false},"author":2,"featured_media":0,"parent":0,"menu_order":51,"comment_status":"closed","ping_status":"closed","template":"","meta":{"_monsterinsights_skip_tracking":false,"_monsterinsights_sitenote_active":false,"_monsterinsights_sitenote_note":"","_monsterinsights_sitenote_category":0,"footnotes":""},"class_list":["post-2491","page","type-page","status-publish","hentry","post-wrapper","thrv_wrapper"],"yoast_head":"<!-- This site is optimized with the Yoast SEO plugin v27.4 - https:\/\/yoast.com\/product\/yoast-seo-wordpress\/ -->\n<title>E-Book f\u00fcr Angeh\u00f6rige von Demenzkranken<\/title>\n<meta name=\"description\" content=\"Die Betreuung von Demenzkranken ist eine echte Herausforderung. Mit diesem E-Book erh\u00e4ltst du viele Tipps, die das Zusammensein zu einem sch\u00f6nen Erlebnis machen\" \/>\n<meta name=\"robots\" content=\"index, follow, max-snippet:-1, max-image-preview:large, max-video-preview:-1\" \/>\n<link rel=\"canonical\" href=\"https:\/\/demenz-und-du.de\/demenz-hilfe-fuer-angehoerige\/e-book-33-ideen-fuer-gemeinsame-stunden\/\" \/>\n<meta property=\"og:locale\" content=\"de_DE\" \/>\n<meta property=\"og:type\" content=\"article\" \/>\n<meta property=\"og:title\" content=\"E-Book f\u00fcr Angeh\u00f6rige von Demenzkranken\" \/>\n<meta property=\"og:description\" content=\"Die Betreuung von Demenzkranken ist eine echte Herausforderung. Mit diesem E-Book erh\u00e4ltst du viele Tipps, die das Zusammensein zu einem sch\u00f6nen Erlebnis machen\" \/>\n<meta property=\"og:url\" content=\"https:\/\/demenz-und-du.de\/demenz-hilfe-fuer-angehoerige\/e-book-33-ideen-fuer-gemeinsame-stunden\/\" \/>\n<meta property=\"og:site_name\" content=\"Demenz Hilfe f\u00fcr Angeh\u00f6rige\" \/>\n<meta property=\"article:publisher\" content=\"https:\/\/www.facebook.com\/profile.php?id=100090981488333\" \/>\n<meta property=\"article:modified_time\" content=\"2025-02-05T13:34:58+00:00\" \/>\n<meta property=\"og:image\" content=\"https:\/\/mlqhhfhohjcn.i.optimole.com\/ctZVTIY-cU7Qqe6M\/w:auto\/h:auto\/q:auto\/https:\/\/demenz-und-du.de\/wp-content\/uploads\/2021\/01\/demenz-und-du-logo.png\" \/>\n<meta name=\"twitter:card\" content=\"summary_large_image\" \/>\n<meta name=\"twitter:label1\" content=\"Gesch\u00e4tzte Lesezeit\" \/>\n\t<meta name=\"twitter:data1\" content=\"2\u00a0Minuten\" \/>\n<script type=\"application\/ld+json\" class=\"yoast-schema-graph\">{\"@context\":\"https:\\\/\\\/schema.org\",\"@graph\":[{\"@type\":\"WebPage\",\"@id\":\"https:\\\/\\\/demenz-und-du.de\\\/demenz-hilfe-fuer-angehoerige\\\/e-book-33-ideen-fuer-gemeinsame-stunden\\\/\",\"url\":\"https:\\\/\\\/demenz-und-du.de\\\/demenz-hilfe-fuer-angehoerige\\\/e-book-33-ideen-fuer-gemeinsame-stunden\\\/\",\"name\":\"E-Book f\u00fcr Angeh\u00f6rige von Demenzkranken\",\"isPartOf\":{\"@id\":\"https:\\\/\\\/demenz-und-du.de\\\/demenz-hilfe-fuer-angehoerige\\\/#website\"},\"primaryImageOfPage\":{\"@id\":\"https:\\\/\\\/demenz-und-du.de\\\/demenz-hilfe-fuer-angehoerige\\\/e-book-33-ideen-fuer-gemeinsame-stunden\\\/#primaryimage\"},\"image\":{\"@id\":\"https:\\\/\\\/demenz-und-du.de\\\/demenz-hilfe-fuer-angehoerige\\\/e-book-33-ideen-fuer-gemeinsame-stunden\\\/#primaryimage\"},\"thumbnailUrl\":\"https:\\\/\\\/mlqhhfhohjcn.i.optimole.com\\\/ctZVTIY-cU7Qqe6M\\\/w:auto\\\/h:auto\\\/q:auto\\\/https:\\\/\\\/demenz-und-du.de\\\/wp-content\\\/uploads\\\/2021\\\/01\\\/demenz-und-du-logo.png\",\"datePublished\":\"2023-03-17T13:36:38+00:00\",\"dateModified\":\"2025-02-05T13:34:58+00:00\",\"description\":\"Die Betreuung von Demenzkranken ist eine echte Herausforderung. Mit diesem E-Book erh\u00e4ltst du viele Tipps, die das Zusammensein zu einem sch\u00f6nen Erlebnis machen\",\"breadcrumb\":{\"@id\":\"https:\\\/\\\/demenz-und-du.de\\\/demenz-hilfe-fuer-angehoerige\\\/e-book-33-ideen-fuer-gemeinsame-stunden\\\/#breadcrumb\"},\"inLanguage\":\"de\",\"potentialAction\":[{\"@type\":\"ReadAction\",\"target\":[\"https:\\\/\\\/demenz-und-du.de\\\/demenz-hilfe-fuer-angehoerige\\\/e-book-33-ideen-fuer-gemeinsame-stunden\\\/\"]}]},{\"@type\":\"ImageObject\",\"inLanguage\":\"de\",\"@id\":\"https:\\\/\\\/demenz-und-du.de\\\/demenz-hilfe-fuer-angehoerige\\\/e-book-33-ideen-fuer-gemeinsame-stunden\\\/#primaryimage\",\"url\":\"https:\\\/\\\/mlqhhfhohjcn.i.optimole.com\\\/ctZVTIY-cU7Qqe6M\\\/w:auto\\\/h:auto\\\/q:auto\\\/https:\\\/\\\/demenz-und-du.de\\\/wp-content\\\/uploads\\\/2021\\\/01\\\/demenz-und-du-logo.png\",\"contentUrl\":\"https:\\\/\\\/mlqhhfhohjcn.i.optimole.com\\\/ctZVTIY-cU7Qqe6M\\\/w:auto\\\/h:auto\\\/q:auto\\\/https:\\\/\\\/demenz-und-du.de\\\/wp-content\\\/uploads\\\/2021\\\/01\\\/demenz-und-du-logo.png\"},{\"@type\":\"BreadcrumbList\",\"@id\":\"https:\\\/\\\/demenz-und-du.de\\\/demenz-hilfe-fuer-angehoerige\\\/e-book-33-ideen-fuer-gemeinsame-stunden\\\/#breadcrumb\",\"itemListElement\":[{\"@type\":\"ListItem\",\"position\":1,\"name\":\"Startseite\",\"item\":\"https:\\\/\\\/demenz-und-du.de\\\/demenz-hilfe-fuer-angehoerige\\\/\"},{\"@type\":\"ListItem\",\"position\":2,\"name\":\"E-Book: 33 Ideen f\u00fcr gemeinsame Stunden\"}]},{\"@type\":\"WebSite\",\"@id\":\"https:\\\/\\\/demenz-und-du.de\\\/demenz-hilfe-fuer-angehoerige\\\/#website\",\"url\":\"https:\\\/\\\/demenz-und-du.de\\\/demenz-hilfe-fuer-angehoerige\\\/\",\"name\":\"Demenz Hilfe f\u00fcr Angeh\u00f6rige\",\"description\":\"Wir helfen Angeh\u00f6rigen dabei mit ihren Demenzkranken klar zu kommen.\",\"publisher\":{\"@id\":\"https:\\\/\\\/demenz-und-du.de\\\/demenz-hilfe-fuer-angehoerige\\\/#organization\"},\"potentialAction\":[{\"@type\":\"SearchAction\",\"target\":{\"@type\":\"EntryPoint\",\"urlTemplate\":\"https:\\\/\\\/demenz-und-du.de\\\/demenz-hilfe-fuer-angehoerige\\\/?s={search_term_string}\"},\"query-input\":{\"@type\":\"PropertyValueSpecification\",\"valueRequired\":true,\"valueName\":\"search_term_string\"}}],\"inLanguage\":\"de\"},{\"@type\":\"Organization\",\"@id\":\"https:\\\/\\\/demenz-und-du.de\\\/demenz-hilfe-fuer-angehoerige\\\/#organization\",\"name\":\"Demenz Hilfe f\u00fcr Angeh\u00f6rige\",\"url\":\"https:\\\/\\\/demenz-und-du.de\\\/demenz-hilfe-fuer-angehoerige\\\/\",\"logo\":{\"@type\":\"ImageObject\",\"inLanguage\":\"de\",\"@id\":\"https:\\\/\\\/demenz-und-du.de\\\/demenz-hilfe-fuer-angehoerige\\\/#\\\/schema\\\/logo\\\/image\\\/\",\"url\":\"https:\\\/\\\/demenz-und-du.de\\\/wp-content\\\/uploads\\\/2022\\\/10\\\/400JpgdpiLogo-scaled.jpg\",\"contentUrl\":\"https:\\\/\\\/demenz-und-du.de\\\/wp-content\\\/uploads\\\/2022\\\/10\\\/400JpgdpiLogo-scaled.jpg\",\"width\":2560,\"height\":1546,\"caption\":\"Demenz Hilfe f\u00fcr Angeh\u00f6rige\"},\"image\":{\"@id\":\"https:\\\/\\\/demenz-und-du.de\\\/demenz-hilfe-fuer-angehoerige\\\/#\\\/schema\\\/logo\\\/image\\\/\"},\"sameAs\":[\"https:\\\/\\\/www.facebook.com\\\/profile.php?id=100090981488333\",\"https:\\\/\\\/www.youtube.com\\\/channel\\\/UCS7nClFtrPq-4eQFfAFzNyw\"]}]}<\/script>\n<!-- \/ Yoast SEO plugin. -->","yoast_head_json":{"title":"E-Book f\u00fcr Angeh\u00f6rige von Demenzkranken","description":"Die Betreuung von Demenzkranken ist eine echte Herausforderung. Mit diesem E-Book erh\u00e4ltst du viele Tipps, die das Zusammensein zu einem sch\u00f6nen Erlebnis machen","robots":{"index":"index","follow":"follow","max-snippet":"max-snippet:-1","max-image-preview":"max-image-preview:large","max-video-preview":"max-video-preview:-1"},"canonical":"https:\/\/demenz-und-du.de\/demenz-hilfe-fuer-angehoerige\/e-book-33-ideen-fuer-gemeinsame-stunden\/","og_locale":"de_DE","og_type":"article","og_title":"E-Book f\u00fcr Angeh\u00f6rige von Demenzkranken","og_description":"Die Betreuung von Demenzkranken ist eine echte Herausforderung. Mit diesem E-Book erh\u00e4ltst du viele Tipps, die das Zusammensein zu einem sch\u00f6nen Erlebnis machen","og_url":"https:\/\/demenz-und-du.de\/demenz-hilfe-fuer-angehoerige\/e-book-33-ideen-fuer-gemeinsame-stunden\/","og_site_name":"Demenz Hilfe f\u00fcr Angeh\u00f6rige","article_publisher":"https:\/\/www.facebook.com\/profile.php?id=100090981488333","article_modified_time":"2025-02-05T13:34:58+00:00","og_image":[{"url":"https:\/\/mlqhhfhohjcn.i.optimole.com\/ctZVTIY-cU7Qqe6M\/w:auto\/h:auto\/q:auto\/https:\/\/demenz-und-du.de\/wp-content\/uploads\/2021\/01\/demenz-und-du-logo.png","type":"","width":"","height":""}],"twitter_card":"summary_large_image","twitter_misc":{"Gesch\u00e4tzte Lesezeit":"2\u00a0Minuten"},"schema":{"@context":"https:\/\/schema.org","@graph":[{"@type":"WebPage","@id":"https:\/\/demenz-und-du.de\/demenz-hilfe-fuer-angehoerige\/e-book-33-ideen-fuer-gemeinsame-stunden\/","url":"https:\/\/demenz-und-du.de\/demenz-hilfe-fuer-angehoerige\/e-book-33-ideen-fuer-gemeinsame-stunden\/","name":"E-Book f\u00fcr Angeh\u00f6rige von Demenzkranken","isPartOf":{"@id":"https:\/\/demenz-und-du.de\/demenz-hilfe-fuer-angehoerige\/#website"},"primaryImageOfPage":{"@id":"https:\/\/demenz-und-du.de\/demenz-hilfe-fuer-angehoerige\/e-book-33-ideen-fuer-gemeinsame-stunden\/#primaryimage"},"image":{"@id":"https:\/\/demenz-und-du.de\/demenz-hilfe-fuer-angehoerige\/e-book-33-ideen-fuer-gemeinsame-stunden\/#primaryimage"},"thumbnailUrl":"https:\/\/mlqhhfhohjcn.i.optimole.com\/ctZVTIY-cU7Qqe6M\/w:auto\/h:auto\/q:auto\/https:\/\/demenz-und-du.de\/wp-content\/uploads\/2021\/01\/demenz-und-du-logo.png","datePublished":"2023-03-17T13:36:38+00:00","dateModified":"2025-02-05T13:34:58+00:00","description":"Die Betreuung von Demenzkranken ist eine echte Herausforderung. Mit diesem E-Book erh\u00e4ltst du viele Tipps, die das Zusammensein zu einem sch\u00f6nen Erlebnis machen","breadcrumb":{"@id":"https:\/\/demenz-und-du.de\/demenz-hilfe-fuer-angehoerige\/e-book-33-ideen-fuer-gemeinsame-stunden\/#breadcrumb"},"inLanguage":"de","potentialAction":[{"@type":"ReadAction","target":["https:\/\/demenz-und-du.de\/demenz-hilfe-fuer-angehoerige\/e-book-33-ideen-fuer-gemeinsame-stunden\/"]}]},{"@type":"ImageObject","inLanguage":"de","@id":"https:\/\/demenz-und-du.de\/demenz-hilfe-fuer-angehoerige\/e-book-33-ideen-fuer-gemeinsame-stunden\/#primaryimage","url":"https:\/\/mlqhhfhohjcn.i.optimole.com\/ctZVTIY-cU7Qqe6M\/w:auto\/h:auto\/q:auto\/https:\/\/demenz-und-du.de\/wp-content\/uploads\/2021\/01\/demenz-und-du-logo.png","contentUrl":"https:\/\/mlqhhfhohjcn.i.optimole.com\/ctZVTIY-cU7Qqe6M\/w:auto\/h:auto\/q:auto\/https:\/\/demenz-und-du.de\/wp-content\/uploads\/2021\/01\/demenz-und-du-logo.png"},{"@type":"BreadcrumbList","@id":"https:\/\/demenz-und-du.de\/demenz-hilfe-fuer-angehoerige\/e-book-33-ideen-fuer-gemeinsame-stunden\/#breadcrumb","itemListElement":[{"@type":"ListItem","position":1,"name":"Startseite","item":"https:\/\/demenz-und-du.de\/demenz-hilfe-fuer-angehoerige\/"},{"@type":"ListItem","position":2,"name":"E-Book: 33 Ideen f\u00fcr gemeinsame Stunden"}]},{"@type":"WebSite","@id":"https:\/\/demenz-und-du.de\/demenz-hilfe-fuer-angehoerige\/#website","url":"https:\/\/demenz-und-du.de\/demenz-hilfe-fuer-angehoerige\/","name":"Demenz Hilfe f\u00fcr Angeh\u00f6rige","description":"Wir helfen Angeh\u00f6rigen dabei mit ihren Demenzkranken klar zu kommen.","publisher":{"@id":"https:\/\/demenz-und-du.de\/demenz-hilfe-fuer-angehoerige\/#organization"},"potentialAction":[{"@type":"SearchAction","target":{"@type":"EntryPoint","urlTemplate":"https:\/\/demenz-und-du.de\/demenz-hilfe-fuer-angehoerige\/?s={search_term_string}"},"query-input":{"@type":"PropertyValueSpecification","valueRequired":true,"valueName":"search_term_string"}}],"inLanguage":"de"},{"@type":"Organization","@id":"https:\/\/demenz-und-du.de\/demenz-hilfe-fuer-angehoerige\/#organization","name":"Demenz Hilfe f\u00fcr Angeh\u00f6rige","url":"https:\/\/demenz-und-du.de\/demenz-hilfe-fuer-angehoerige\/","logo":{"@type":"ImageObject","inLanguage":"de","@id":"https:\/\/demenz-und-du.de\/demenz-hilfe-fuer-angehoerige\/#\/schema\/logo\/image\/","url":"https:\/\/demenz-und-du.de\/wp-content\/uploads\/2022\/10\/400JpgdpiLogo-scaled.jpg","contentUrl":"https:\/\/demenz-und-du.de\/wp-content\/uploads\/2022\/10\/400JpgdpiLogo-scaled.jpg","width":2560,"height":1546,"caption":"Demenz Hilfe f\u00fcr Angeh\u00f6rige"},"image":{"@id":"https:\/\/demenz-und-du.de\/demenz-hilfe-fuer-angehoerige\/#\/schema\/logo\/image\/"},"sameAs":["https:\/\/www.facebook.com\/profile.php?id=100090981488333","https:\/\/www.youtube.com\/channel\/UCS7nClFtrPq-4eQFfAFzNyw"]}]}},"_links":{"self":[{"href":"https:\/\/demenz-und-du.de\/demenz-hilfe-fuer-angehoerige\/wp-json\/wp\/v2\/pages\/2491","targetHints":{"allow":["GET"]}}],"collection":[{"href":"https:\/\/demenz-und-du.de\/demenz-hilfe-fuer-angehoerige\/wp-json\/wp\/v2\/pages"}],"about":[{"href":"https:\/\/demenz-und-du.de\/demenz-hilfe-fuer-angehoerige\/wp-json\/wp\/v2\/types\/page"}],"author":[{"embeddable":true,"href":"https:\/\/demenz-und-du.de\/demenz-hilfe-fuer-angehoerige\/wp-json\/wp\/v2\/users\/2"}],"replies":[{"embeddable":true,"href":"https:\/\/demenz-und-du.de\/demenz-hilfe-fuer-angehoerige\/wp-json\/wp\/v2\/comments?post=2491"}],"version-history":[{"count":3,"href":"https:\/\/demenz-und-du.de\/demenz-hilfe-fuer-angehoerige\/wp-json\/wp\/v2\/pages\/2491\/revisions"}],"predecessor-version":[{"id":3042,"href":"https:\/\/demenz-und-du.de\/demenz-hilfe-fuer-angehoerige\/wp-json\/wp\/v2\/pages\/2491\/revisions\/3042"}],"wp:attachment":[{"href":"https:\/\/demenz-und-du.de\/demenz-hilfe-fuer-angehoerige\/wp-json\/wp\/v2\/media?parent=2491"}],"curies":[{"name":"wp","href":"https:\/\/api.w.org\/{rel}","templated":true}]}}