{"id":196,"date":"2021-04-01T08:38:00","date_gmt":"2021-04-01T06:38:00","guid":{"rendered":"https:\/\/demenz-und-du.de\/?page_id=196"},"modified":"2023-03-18T12:29:22","modified_gmt":"2023-03-18T11:29:22","slug":"ueber-uns","status":"publish","type":"page","link":"https:\/\/demenz-und-du.de\/demenz-hilfe-fuer-angehoerige\/ueber-uns\/","title":{"rendered":"\u00dcber uns"},"content":{"rendered":"<p style=\"\">Wer sind wir?<\/p>\n<p style=\"\">Wir, Jolanta und Michael, haben diese Webseite ins Leben gerufen, weil wir beide unsere Erfahrungen mit dieser Krankheit gemacht haben bzw. t\u00e4glich machen.<\/p>\n<p style=\"\">T\u00e4glich sehen und sp\u00fcren wir, wie ohnm\u00e4chtig sich viele Angeh\u00f6rige mit dieser f\u00fcr sie neuen und schweren Situation f\u00fchlen.<\/p>\n<p style=\"\">Genau f\u00fcr sie ist diese Seite gemacht. Wir w\u00fcnschen uns, dass wir Angeh\u00f6rigen helfen k\u00f6nnen, diese Krankheit anzunehmen, eine gro\u00dfartige Begleitung f\u00fcr den Erkrankten zu sein und dabei sich selbst nicht zu vergessen.<\/p>\n<p><span><img decoding=\"async\" alt=\"\" data-id=\"1330\" data-init-width=\"2560\" data-init-height=\"1703\" title=\"\u00dcBERSCHRIFT\" loading=\"lazy\" src=\"https:\/\/demenz-und-du.de\/wp-content\/uploads\/2022\/06\/STH4227-scaled.jpg\" data-width=\"342\" data-height=\"228\" style=\"\" width=\"342\" height=\"228\"><\/span><\/p>\n<h2 style=\"\">&#8222;Seit nunmehr 10 Jahren betreue ich Menschen mit Demenz. F\u00fcr mich ist es viel mehr als ein Beruf. Die Begleitung der Erkrankten und deren Familien ist f\u00fcr mich eine Herzensangelegenheit&#8220;<\/h2>\n<p style=\"\">Ich hei\u00dfe Jolanta. Seit vielen Jahren arbeite ich in einer Seniorenresidenz in der Sozialen Betreuung in einem Wohnbereich f\u00fcr demenziel erkrankte Menschen.<\/p>\n<p style=\"\">Jeden Tag erlebe ich, wie schwierig es f\u00fcr die Angeh\u00f6rigen ist, sich mit dem Thema Demenz auseinanderzusetzen, es zu verstehen, die richtigen Entscheidungen zu treffen und dabei sich selbst nicht zu verlieren.<\/p>\n<p style=\"\">Den Menschen in der Residenz geht es gut, viele Pfleger und Betreuer k\u00fcmmern sich liebevoll um sie.<\/p>\n<p>F\u00fcr die Angeh\u00f6rigen bleibt dabei kaum noch Zeit. Und dabei, das ist meine Beobachtung w\u00e4hrend der letzten Jahre, brauchen auch sie Hilfe und Unterst\u00fctzung.<\/p>\n<p>Denn eines ist sicher: Sind die Angestellten der Residenz auch noch so aufopferungsvoll in der Betreuung der Bewohner, das Wichtigste bleiben die Familie und das engere Umfeld der Demenzkranken!<\/p>\n<p>Deshalb ist es mir \u200bein Herzensanliegen, den Angeh\u00f6rigen Halt, Rat und Unterst\u00fctzung zu geben. Dies ist sehr individuell. Jeder Mensch sieht andere Probleme, hat anderes Leid zu beklagen und hat unterschiedliche M\u00f6glichkeiten damit umzugehen.<\/p>\n<p>D\u200boch es gibt \u200bviele Optionen, mit diesem Leid umzugehen. Jeder Betroffene kann \u200beine Menge f\u00fcr den Erkrankten und sich selbst erreichen!&nbsp;<\/p>\n<p>Auf dieser Webseite m\u00f6chte ich M\u00f6glichkeiten aufzeigen, euch selbst zu st\u00e4rken und dabei eine wichtige St\u00fctze f\u00fcr eure Liebsten zu bleiben. Daf\u00fcr bin ich f\u00fcr euch da!<\/p>\n<p><span><img decoding=\"async\" alt=\"\" data-id=\"1331\" data-init-width=\"2560\" data-init-height=\"1703\" title=\"\u00dcBERSCHRIFT\" loading=\"lazy\" src=\"https:\/\/demenz-und-du.de\/wp-content\/uploads\/2022\/06\/STH4298-scaled.jpg\" data-width=\"360\" data-height=\"239\" style=\"\" width=\"360\" height=\"239\"><\/span><\/p>\n<h2 style=\"\">&#8222;Als Sohn einer demenzkranken Mutter habe ich mich so hilflos und \u00fcberfordert gef\u00fchlt. Doch mit der Zeit lernte ich, wie wir die neue Lebenssituation gemeinsam meistern k\u00f6nnen&#8220;<\/h2>\n<p style=\"\">Ich hei\u00dfe Michael. Meine Mutter war schwer demenzkrank bevor sie nach einigen Jahren verstarb.<\/p>\n<p style=\"\">\u00dcber viele Jahre habe ich sie auf ihrem Weg begleitet, habe versucht, sie fr\u00f6hlich zu stimmen und ihr immer wieder neuen Lebensmut zu geben.<\/p>\n<p style=\"\">Dabei habe ich viele andere betroffene Menschen kennengelernt und viele Beobachtungen gemacht.<\/p>\n<p style=\"\">Gerne h\u00e4tte ich damals eine kompetente Hilfe f\u00fcr mich in Anspruch genommen. Denn der Austausch mit anderen Betroffenen hat mich eher noch weiter runtergezogen.&nbsp;<\/p>\n<p style=\"\">So beschloss ich, mich mit dem Thema \u201eWie kann ich als Sohn einer demenzkranken Mutter helfen\u201c tiefergehend auseinanderzusetzen um f\u00fcr meine Mutter bis zu ihrem Tod ein starker Halt zu sein.&nbsp;<\/p>\n<p style=\"\">Diese Erkenntnisse gebe ich nun gerne weiter, damit auch andere das notwendige Wissen und Bewusstsein entwickeln k\u00f6nnen.<\/p>\n","protected":false},"excerpt":{"rendered":"<p>Wer sind wir? Wir, Jolanta und Michael, haben diese Webseite ins Leben gerufen, weil wir beide unsere Erfahrungen mit dieser Krankheit gemacht haben bzw. t\u00e4glich machen. T\u00e4glich sehen und sp\u00fcren wir, wie ohnm\u00e4chtig sich viele Angeh\u00f6rige mit dieser f\u00fcr sie neuen und schweren Situation f\u00fchlen. Genau f\u00fcr sie ist diese Seite gemacht. Wir w\u00fcnschen uns, [&hellip;]<\/p>\n","protected":false},"author":2,"featured_media":0,"parent":0,"menu_order":27,"comment_status":"closed","ping_status":"closed","template":"","meta":{"_monsterinsights_skip_tracking":false,"_monsterinsights_sitenote_active":false,"_monsterinsights_sitenote_note":"","_monsterinsights_sitenote_category":0,"footnotes":""},"class_list":["post-196","page","type-page","status-publish","hentry","post-wrapper","thrv_wrapper"],"yoast_head":"<!-- This site is optimized with the Yoast SEO plugin v27.4 - https:\/\/yoast.com\/product\/yoast-seo-wordpress\/ -->\n<title>Du bist ein Angeh\u00f6riger eines Demenzkranken? Du bist nicht allein!<\/title>\n<meta name=\"description\" content=\"Jolanta und Michael haben viel Erfahrung im Umgang mit Demenzkranken. Hier geben sie viele Tipps f\u00fcr Angeh\u00f6rige weiter\" \/>\n<meta name=\"robots\" content=\"index, follow, max-snippet:-1, max-image-preview:large, max-video-preview:-1\" \/>\n<link rel=\"canonical\" href=\"https:\/\/demenz-und-du.de\/demenz-hilfe-fuer-angehoerige\/ueber-uns\/\" \/>\n<meta property=\"og:locale\" content=\"de_DE\" \/>\n<meta property=\"og:type\" content=\"article\" \/>\n<meta property=\"og:title\" content=\"Du bist ein Angeh\u00f6riger eines Demenzkranken? Du bist nicht allein!\" \/>\n<meta property=\"og:description\" content=\"Jolanta und Michael haben viel Erfahrung im Umgang mit Demenzkranken. Hier geben sie viele Tipps f\u00fcr Angeh\u00f6rige weiter\" \/>\n<meta property=\"og:url\" content=\"https:\/\/demenz-und-du.de\/demenz-hilfe-fuer-angehoerige\/ueber-uns\/\" \/>\n<meta property=\"og:site_name\" content=\"Demenz Hilfe f\u00fcr Angeh\u00f6rige\" \/>\n<meta property=\"article:publisher\" content=\"https:\/\/www.facebook.com\/profile.php?id=100090981488333\" \/>\n<meta property=\"article:modified_time\" content=\"2023-03-18T11:29:22+00:00\" \/>\n<meta property=\"og:image\" content=\"https:\/\/demenz-und-du.de\/wp-content\/uploads\/2022\/06\/STH4227-scaled.jpg\" \/>\n<meta name=\"twitter:card\" content=\"summary_large_image\" \/>\n<meta name=\"twitter:label1\" content=\"Gesch\u00e4tzte Lesezeit\" \/>\n\t<meta name=\"twitter:data1\" content=\"4\u00a0Minuten\" \/>\n<script type=\"application\/ld+json\" class=\"yoast-schema-graph\">{\"@context\":\"https:\\\/\\\/schema.org\",\"@graph\":[{\"@type\":\"WebPage\",\"@id\":\"https:\\\/\\\/demenz-und-du.de\\\/demenz-hilfe-fuer-angehoerige\\\/ueber-uns\\\/\",\"url\":\"https:\\\/\\\/demenz-und-du.de\\\/demenz-hilfe-fuer-angehoerige\\\/ueber-uns\\\/\",\"name\":\"Du bist ein Angeh\u00f6riger eines Demenzkranken? Du bist nicht allein!\",\"isPartOf\":{\"@id\":\"https:\\\/\\\/demenz-und-du.de\\\/demenz-hilfe-fuer-angehoerige\\\/#website\"},\"primaryImageOfPage\":{\"@id\":\"https:\\\/\\\/demenz-und-du.de\\\/demenz-hilfe-fuer-angehoerige\\\/ueber-uns\\\/#primaryimage\"},\"image\":{\"@id\":\"https:\\\/\\\/demenz-und-du.de\\\/demenz-hilfe-fuer-angehoerige\\\/ueber-uns\\\/#primaryimage\"},\"thumbnailUrl\":\"https:\\\/\\\/demenz-und-du.de\\\/wp-content\\\/uploads\\\/2022\\\/06\\\/STH4227-scaled.jpg\",\"datePublished\":\"2021-04-01T06:38:00+00:00\",\"dateModified\":\"2023-03-18T11:29:22+00:00\",\"description\":\"Jolanta und Michael haben viel Erfahrung im Umgang mit Demenzkranken. Hier geben sie viele Tipps f\u00fcr Angeh\u00f6rige weiter\",\"breadcrumb\":{\"@id\":\"https:\\\/\\\/demenz-und-du.de\\\/demenz-hilfe-fuer-angehoerige\\\/ueber-uns\\\/#breadcrumb\"},\"inLanguage\":\"de\",\"potentialAction\":[{\"@type\":\"ReadAction\",\"target\":[\"https:\\\/\\\/demenz-und-du.de\\\/demenz-hilfe-fuer-angehoerige\\\/ueber-uns\\\/\"]}]},{\"@type\":\"ImageObject\",\"inLanguage\":\"de\",\"@id\":\"https:\\\/\\\/demenz-und-du.de\\\/demenz-hilfe-fuer-angehoerige\\\/ueber-uns\\\/#primaryimage\",\"url\":\"https:\\\/\\\/demenz-und-du.de\\\/wp-content\\\/uploads\\\/2022\\\/06\\\/STH4227-scaled.jpg\",\"contentUrl\":\"https:\\\/\\\/demenz-und-du.de\\\/wp-content\\\/uploads\\\/2022\\\/06\\\/STH4227-scaled.jpg\"},{\"@type\":\"BreadcrumbList\",\"@id\":\"https:\\\/\\\/demenz-und-du.de\\\/demenz-hilfe-fuer-angehoerige\\\/ueber-uns\\\/#breadcrumb\",\"itemListElement\":[{\"@type\":\"ListItem\",\"position\":1,\"name\":\"Startseite\",\"item\":\"https:\\\/\\\/demenz-und-du.de\\\/demenz-hilfe-fuer-angehoerige\\\/\"},{\"@type\":\"ListItem\",\"position\":2,\"name\":\"\u00dcber uns\"}]},{\"@type\":\"WebSite\",\"@id\":\"https:\\\/\\\/demenz-und-du.de\\\/demenz-hilfe-fuer-angehoerige\\\/#website\",\"url\":\"https:\\\/\\\/demenz-und-du.de\\\/demenz-hilfe-fuer-angehoerige\\\/\",\"name\":\"Demenz Hilfe f\u00fcr Angeh\u00f6rige\",\"description\":\"Wir helfen Angeh\u00f6rigen dabei mit ihren Demenzkranken klar zu kommen.\",\"publisher\":{\"@id\":\"https:\\\/\\\/demenz-und-du.de\\\/demenz-hilfe-fuer-angehoerige\\\/#organization\"},\"potentialAction\":[{\"@type\":\"SearchAction\",\"target\":{\"@type\":\"EntryPoint\",\"urlTemplate\":\"https:\\\/\\\/demenz-und-du.de\\\/demenz-hilfe-fuer-angehoerige\\\/?s={search_term_string}\"},\"query-input\":{\"@type\":\"PropertyValueSpecification\",\"valueRequired\":true,\"valueName\":\"search_term_string\"}}],\"inLanguage\":\"de\"},{\"@type\":\"Organization\",\"@id\":\"https:\\\/\\\/demenz-und-du.de\\\/demenz-hilfe-fuer-angehoerige\\\/#organization\",\"name\":\"Demenz Hilfe f\u00fcr Angeh\u00f6rige\",\"url\":\"https:\\\/\\\/demenz-und-du.de\\\/demenz-hilfe-fuer-angehoerige\\\/\",\"logo\":{\"@type\":\"ImageObject\",\"inLanguage\":\"de\",\"@id\":\"https:\\\/\\\/demenz-und-du.de\\\/demenz-hilfe-fuer-angehoerige\\\/#\\\/schema\\\/logo\\\/image\\\/\",\"url\":\"https:\\\/\\\/demenz-und-du.de\\\/wp-content\\\/uploads\\\/2022\\\/10\\\/400JpgdpiLogo-scaled.jpg\",\"contentUrl\":\"https:\\\/\\\/demenz-und-du.de\\\/wp-content\\\/uploads\\\/2022\\\/10\\\/400JpgdpiLogo-scaled.jpg\",\"width\":2560,\"height\":1546,\"caption\":\"Demenz Hilfe f\u00fcr Angeh\u00f6rige\"},\"image\":{\"@id\":\"https:\\\/\\\/demenz-und-du.de\\\/demenz-hilfe-fuer-angehoerige\\\/#\\\/schema\\\/logo\\\/image\\\/\"},\"sameAs\":[\"https:\\\/\\\/www.facebook.com\\\/profile.php?id=100090981488333\",\"https:\\\/\\\/www.youtube.com\\\/channel\\\/UCS7nClFtrPq-4eQFfAFzNyw\"]}]}<\/script>\n<!-- \/ Yoast SEO plugin. -->","yoast_head_json":{"title":"Du bist ein Angeh\u00f6riger eines Demenzkranken? Du bist nicht allein!","description":"Jolanta und Michael haben viel Erfahrung im Umgang mit Demenzkranken. Hier geben sie viele Tipps f\u00fcr Angeh\u00f6rige weiter","robots":{"index":"index","follow":"follow","max-snippet":"max-snippet:-1","max-image-preview":"max-image-preview:large","max-video-preview":"max-video-preview:-1"},"canonical":"https:\/\/demenz-und-du.de\/demenz-hilfe-fuer-angehoerige\/ueber-uns\/","og_locale":"de_DE","og_type":"article","og_title":"Du bist ein Angeh\u00f6riger eines Demenzkranken? Du bist nicht allein!","og_description":"Jolanta und Michael haben viel Erfahrung im Umgang mit Demenzkranken. Hier geben sie viele Tipps f\u00fcr Angeh\u00f6rige weiter","og_url":"https:\/\/demenz-und-du.de\/demenz-hilfe-fuer-angehoerige\/ueber-uns\/","og_site_name":"Demenz Hilfe f\u00fcr Angeh\u00f6rige","article_publisher":"https:\/\/www.facebook.com\/profile.php?id=100090981488333","article_modified_time":"2023-03-18T11:29:22+00:00","og_image":[{"url":"https:\/\/demenz-und-du.de\/wp-content\/uploads\/2022\/06\/STH4227-scaled.jpg","type":"","width":"","height":""}],"twitter_card":"summary_large_image","twitter_misc":{"Gesch\u00e4tzte Lesezeit":"4\u00a0Minuten"},"schema":{"@context":"https:\/\/schema.org","@graph":[{"@type":"WebPage","@id":"https:\/\/demenz-und-du.de\/demenz-hilfe-fuer-angehoerige\/ueber-uns\/","url":"https:\/\/demenz-und-du.de\/demenz-hilfe-fuer-angehoerige\/ueber-uns\/","name":"Du bist ein Angeh\u00f6riger eines Demenzkranken? Du bist nicht allein!","isPartOf":{"@id":"https:\/\/demenz-und-du.de\/demenz-hilfe-fuer-angehoerige\/#website"},"primaryImageOfPage":{"@id":"https:\/\/demenz-und-du.de\/demenz-hilfe-fuer-angehoerige\/ueber-uns\/#primaryimage"},"image":{"@id":"https:\/\/demenz-und-du.de\/demenz-hilfe-fuer-angehoerige\/ueber-uns\/#primaryimage"},"thumbnailUrl":"https:\/\/demenz-und-du.de\/wp-content\/uploads\/2022\/06\/STH4227-scaled.jpg","datePublished":"2021-04-01T06:38:00+00:00","dateModified":"2023-03-18T11:29:22+00:00","description":"Jolanta und Michael haben viel Erfahrung im Umgang mit Demenzkranken. Hier geben sie viele Tipps f\u00fcr Angeh\u00f6rige weiter","breadcrumb":{"@id":"https:\/\/demenz-und-du.de\/demenz-hilfe-fuer-angehoerige\/ueber-uns\/#breadcrumb"},"inLanguage":"de","potentialAction":[{"@type":"ReadAction","target":["https:\/\/demenz-und-du.de\/demenz-hilfe-fuer-angehoerige\/ueber-uns\/"]}]},{"@type":"ImageObject","inLanguage":"de","@id":"https:\/\/demenz-und-du.de\/demenz-hilfe-fuer-angehoerige\/ueber-uns\/#primaryimage","url":"https:\/\/demenz-und-du.de\/wp-content\/uploads\/2022\/06\/STH4227-scaled.jpg","contentUrl":"https:\/\/demenz-und-du.de\/wp-content\/uploads\/2022\/06\/STH4227-scaled.jpg"},{"@type":"BreadcrumbList","@id":"https:\/\/demenz-und-du.de\/demenz-hilfe-fuer-angehoerige\/ueber-uns\/#breadcrumb","itemListElement":[{"@type":"ListItem","position":1,"name":"Startseite","item":"https:\/\/demenz-und-du.de\/demenz-hilfe-fuer-angehoerige\/"},{"@type":"ListItem","position":2,"name":"\u00dcber uns"}]},{"@type":"WebSite","@id":"https:\/\/demenz-und-du.de\/demenz-hilfe-fuer-angehoerige\/#website","url":"https:\/\/demenz-und-du.de\/demenz-hilfe-fuer-angehoerige\/","name":"Demenz Hilfe f\u00fcr Angeh\u00f6rige","description":"Wir helfen Angeh\u00f6rigen dabei mit ihren Demenzkranken klar zu kommen.","publisher":{"@id":"https:\/\/demenz-und-du.de\/demenz-hilfe-fuer-angehoerige\/#organization"},"potentialAction":[{"@type":"SearchAction","target":{"@type":"EntryPoint","urlTemplate":"https:\/\/demenz-und-du.de\/demenz-hilfe-fuer-angehoerige\/?s={search_term_string}"},"query-input":{"@type":"PropertyValueSpecification","valueRequired":true,"valueName":"search_term_string"}}],"inLanguage":"de"},{"@type":"Organization","@id":"https:\/\/demenz-und-du.de\/demenz-hilfe-fuer-angehoerige\/#organization","name":"Demenz Hilfe f\u00fcr Angeh\u00f6rige","url":"https:\/\/demenz-und-du.de\/demenz-hilfe-fuer-angehoerige\/","logo":{"@type":"ImageObject","inLanguage":"de","@id":"https:\/\/demenz-und-du.de\/demenz-hilfe-fuer-angehoerige\/#\/schema\/logo\/image\/","url":"https:\/\/demenz-und-du.de\/wp-content\/uploads\/2022\/10\/400JpgdpiLogo-scaled.jpg","contentUrl":"https:\/\/demenz-und-du.de\/wp-content\/uploads\/2022\/10\/400JpgdpiLogo-scaled.jpg","width":2560,"height":1546,"caption":"Demenz Hilfe f\u00fcr Angeh\u00f6rige"},"image":{"@id":"https:\/\/demenz-und-du.de\/demenz-hilfe-fuer-angehoerige\/#\/schema\/logo\/image\/"},"sameAs":["https:\/\/www.facebook.com\/profile.php?id=100090981488333","https:\/\/www.youtube.com\/channel\/UCS7nClFtrPq-4eQFfAFzNyw"]}]}},"_links":{"self":[{"href":"https:\/\/demenz-und-du.de\/demenz-hilfe-fuer-angehoerige\/wp-json\/wp\/v2\/pages\/196","targetHints":{"allow":["GET"]}}],"collection":[{"href":"https:\/\/demenz-und-du.de\/demenz-hilfe-fuer-angehoerige\/wp-json\/wp\/v2\/pages"}],"about":[{"href":"https:\/\/demenz-und-du.de\/demenz-hilfe-fuer-angehoerige\/wp-json\/wp\/v2\/types\/page"}],"author":[{"embeddable":true,"href":"https:\/\/demenz-und-du.de\/demenz-hilfe-fuer-angehoerige\/wp-json\/wp\/v2\/users\/2"}],"replies":[{"embeddable":true,"href":"https:\/\/demenz-und-du.de\/demenz-hilfe-fuer-angehoerige\/wp-json\/wp\/v2\/comments?post=196"}],"version-history":[{"count":10,"href":"https:\/\/demenz-und-du.de\/demenz-hilfe-fuer-angehoerige\/wp-json\/wp\/v2\/pages\/196\/revisions"}],"predecessor-version":[{"id":2495,"href":"https:\/\/demenz-und-du.de\/demenz-hilfe-fuer-angehoerige\/wp-json\/wp\/v2\/pages\/196\/revisions\/2495"}],"wp:attachment":[{"href":"https:\/\/demenz-und-du.de\/demenz-hilfe-fuer-angehoerige\/wp-json\/wp\/v2\/media?parent=196"}],"curies":[{"name":"wp","href":"https:\/\/api.w.org\/{rel}","templated":true}]}}